{"id":12,"date":"2024-10-21T14:47:16","date_gmt":"2024-10-21T14:47:16","guid":{"rendered":"https:\/\/strongesim.com\/?page_id=12"},"modified":"2026-04-05T23:20:03","modified_gmt":"2026-04-05T23:20:03","slug":"faq","status":"publish","type":"page","link":"https:\/\/strongesim.com\/es\/faq\/","title":{"rendered":"FAQ"},"content":{"rendered":"<p>Le succ\u00e8s grandissant de <a href=\"https:\/\/lucky-31.org\" target=\"_blank\" rel=\"noreferrer noopener\">31 lucky<\/a> s&#8217;explique avant tout par une volont\u00e9 constante de placer le joueur au centre de l&#8217;exp\u00e9rience. Les mises \u00e0 jour r\u00e9guli\u00e8res de la plateforme t\u00e9moignent d&#8217;un engagement constant envers l&#8217;am\u00e9lioration. Les promotions cibl\u00e9es tiennent compte des pr\u00e9f\u00e9rences individuelles pour proposer des offres v\u00e9ritablement pertinentes. Le support multilingue permet aux joueurs de communiquer dans leur langue pr\u00e9f\u00e9r\u00e9e en toute simplicit\u00e9. Cette plateforme a su cr\u00e9er un environnement o\u00f9 chaque joueur se sent valoris\u00e9 et respect\u00e9.<\/p>","protected":false},"excerpt":{"rendered":"<p>Le succ\u00e8s grandissant de 31 lucky s&#8217;explique avant tout par une volont\u00e9 constante de placer le joueur au centre de l&#8217;exp\u00e9rience. Les mises \u00e0 jour r\u00e9guli\u00e8res<span class=\"excerpt-hellip\"> [\u2026]<\/span><\/p>","protected":false},"author":1,"featured_media":0,"parent":0,"menu_order":0,"comment_status":"open","ping_status":"closed","template":"","meta":{"footnotes":""},"class_list":["post-12","page","type-page","status-publish","hentry"],"yoast_head":"<!-- This site is optimized with the Yoast SEO plugin v25.7 - https:\/\/yoast.com\/wordpress\/plugins\/seo\/ -->\n<title>FAQ - Strong eSIM<\/title>\n<meta name=\"robots\" content=\"noindex, nofollow\" \/>\n<meta property=\"og:locale\" content=\"es_ES\" \/>\n<meta property=\"og:type\" content=\"article\" \/>\n<meta property=\"og:title\" content=\"FAQ - Strong eSIM\" \/>\n<meta property=\"og:description\" content=\"Le succ\u00e8s grandissant de 31 lucky s&#8217;explique avant tout par une volont\u00e9 constante de placer le joueur au centre de l&#8217;exp\u00e9rience. Les mises \u00e0 jour r\u00e9guli\u00e8res [\u2026]\" \/>\n<meta property=\"og:url\" content=\"https:\/\/strongesim.com\/es\/faq\/\" \/>\n<meta property=\"og:site_name\" content=\"Strong eSIM\" \/>\n<meta property=\"article:publisher\" content=\"https:\/\/www.facebook.com\/profile.php?id=61567765180665\" \/>\n<meta property=\"article:modified_time\" content=\"2026-04-05T23:20:03+00:00\" \/>\n<meta name=\"twitter:card\" content=\"summary_large_image\" \/>\n<meta name=\"twitter:label1\" content=\"Tiempo de lectura\" \/>\n\t<meta name=\"twitter:data1\" content=\"1 minuto\" \/>\n<script type=\"application\/ld+json\" class=\"yoast-schema-graph\">{\"@context\":\"https:\/\/schema.org\",\"@graph\":[{\"@type\":\"WebPage\",\"@id\":\"https:\/\/strongesim.com\/faq\/\",\"url\":\"https:\/\/strongesim.com\/faq\/\",\"name\":\"FAQ - Strong eSIM\",\"isPartOf\":{\"@id\":\"https:\/\/strongesim.com\/#website\"},\"datePublished\":\"2024-10-21T14:47:16+00:00\",\"dateModified\":\"2026-04-05T23:20:03+00:00\",\"breadcrumb\":{\"@id\":\"https:\/\/strongesim.com\/faq\/#breadcrumb\"},\"inLanguage\":\"es\",\"potentialAction\":[{\"@type\":\"ReadAction\",\"target\":[\"https:\/\/strongesim.com\/faq\/\"]}]},{\"@type\":\"BreadcrumbList\",\"@id\":\"https:\/\/strongesim.com\/faq\/#breadcrumb\",\"itemListElement\":[{\"@type\":\"ListItem\",\"position\":1,\"name\":\"Home\",\"item\":\"https:\/\/strongesim.com\/\"},{\"@type\":\"ListItem\",\"position\":2,\"name\":\"FAQ\"}]},{\"@type\":\"WebSite\",\"@id\":\"https:\/\/strongesim.com\/#website\",\"url\":\"https:\/\/strongesim.com\/\",\"name\":\"Strong eSIM\",\"description\":\"Strong eSIM: Best eSIM for Europe, USA, Global Travel Data Plans\",\"publisher\":{\"@id\":\"https:\/\/strongesim.com\/#organization\"},\"potentialAction\":[{\"@type\":\"SearchAction\",\"target\":{\"@type\":\"EntryPoint\",\"urlTemplate\":\"https:\/\/strongesim.com\/?s={search_term_string}\"},\"query-input\":{\"@type\":\"PropertyValueSpecification\",\"valueRequired\":true,\"valueName\":\"search_term_string\"}}],\"inLanguage\":\"es\"},{\"@type\":\"Organization\",\"@id\":\"https:\/\/strongesim.com\/#organization\",\"name\":\"Strong eSIM\",\"url\":\"https:\/\/strongesim.com\/\",\"logo\":{\"@type\":\"ImageObject\",\"inLanguage\":\"es\",\"@id\":\"https:\/\/strongesim.com\/#\/schema\/logo\/image\/\",\"url\":\"https:\/\/strongesim.com\/wp-content\/uploads\/2025\/01\/cropped-logokara-png-scaled.webp\",\"contentUrl\":\"https:\/\/strongesim.com\/wp-content\/uploads\/2025\/01\/cropped-logokara-png-scaled.webp\",\"width\":2560,\"height\":405,\"caption\":\"Strong eSIM\"},\"image\":{\"@id\":\"https:\/\/strongesim.com\/#\/schema\/logo\/image\/\"},\"sameAs\":[\"https:\/\/www.facebook.com\/profile.php?id=61567765180665\",\"https:\/\/www.instagram.com\/strongesim\"]}]}<\/script>\n<!-- \/ Yoast SEO plugin. -->","yoast_head_json":{"title":"FAQ - Strong eSIM","robots":{"index":"noindex","follow":"nofollow"},"og_locale":"es_ES","og_type":"article","og_title":"FAQ - Strong eSIM","og_description":"Le succ\u00e8s grandissant de 31 lucky s&#8217;explique avant tout par une volont\u00e9 constante de placer le joueur au centre de l&#8217;exp\u00e9rience. Les mises \u00e0 jour r\u00e9guli\u00e8res [\u2026]","og_url":"https:\/\/strongesim.com\/es\/faq\/","og_site_name":"Strong eSIM","article_publisher":"https:\/\/www.facebook.com\/profile.php?id=61567765180665","article_modified_time":"2026-04-05T23:20:03+00:00","twitter_card":"summary_large_image","twitter_misc":{"Tiempo de lectura":"1 minuto"},"schema":{"@context":"https:\/\/schema.org","@graph":[{"@type":"WebPage","@id":"https:\/\/strongesim.com\/faq\/","url":"https:\/\/strongesim.com\/faq\/","name":"FAQ - Strong eSIM","isPartOf":{"@id":"https:\/\/strongesim.com\/#website"},"datePublished":"2024-10-21T14:47:16+00:00","dateModified":"2026-04-05T23:20:03+00:00","breadcrumb":{"@id":"https:\/\/strongesim.com\/faq\/#breadcrumb"},"inLanguage":"es","potentialAction":[{"@type":"ReadAction","target":["https:\/\/strongesim.com\/faq\/"]}]},{"@type":"BreadcrumbList","@id":"https:\/\/strongesim.com\/faq\/#breadcrumb","itemListElement":[{"@type":"ListItem","position":1,"name":"Home","item":"https:\/\/strongesim.com\/"},{"@type":"ListItem","position":2,"name":"FAQ"}]},{"@type":"WebSite","@id":"https:\/\/strongesim.com\/#website","url":"https:\/\/strongesim.com\/","name":"Strong eSIM","description":"Strong eSIM: Best eSIM for Europe, USA, Global Travel Data Plans","publisher":{"@id":"https:\/\/strongesim.com\/#organization"},"potentialAction":[{"@type":"SearchAction","target":{"@type":"EntryPoint","urlTemplate":"https:\/\/strongesim.com\/?s={search_term_string}"},"query-input":{"@type":"PropertyValueSpecification","valueRequired":true,"valueName":"search_term_string"}}],"inLanguage":"es"},{"@type":"Organization","@id":"https:\/\/strongesim.com\/#organization","name":"Strong eSIM","url":"https:\/\/strongesim.com\/","logo":{"@type":"ImageObject","inLanguage":"es","@id":"https:\/\/strongesim.com\/#\/schema\/logo\/image\/","url":"https:\/\/strongesim.com\/wp-content\/uploads\/2025\/01\/cropped-logokara-png-scaled.webp","contentUrl":"https:\/\/strongesim.com\/wp-content\/uploads\/2025\/01\/cropped-logokara-png-scaled.webp","width":2560,"height":405,"caption":"Strong eSIM"},"image":{"@id":"https:\/\/strongesim.com\/#\/schema\/logo\/image\/"},"sameAs":["https:\/\/www.facebook.com\/profile.php?id=61567765180665","https:\/\/www.instagram.com\/strongesim"]}]}},"_links":{"self":[{"href":"https:\/\/strongesim.com\/es\/wp-json\/wp\/v2\/pages\/12","targetHints":{"allow":["GET"]}}],"collection":[{"href":"https:\/\/strongesim.com\/es\/wp-json\/wp\/v2\/pages"}],"about":[{"href":"https:\/\/strongesim.com\/es\/wp-json\/wp\/v2\/types\/page"}],"author":[{"embeddable":true,"href":"https:\/\/strongesim.com\/es\/wp-json\/wp\/v2\/users\/1"}],"replies":[{"embeddable":true,"href":"https:\/\/strongesim.com\/es\/wp-json\/wp\/v2\/comments?post=12"}],"version-history":[{"count":2,"href":"https:\/\/strongesim.com\/es\/wp-json\/wp\/v2\/pages\/12\/revisions"}],"predecessor-version":[{"id":20428,"href":"https:\/\/strongesim.com\/es\/wp-json\/wp\/v2\/pages\/12\/revisions\/20428"}],"wp:attachment":[{"href":"https:\/\/strongesim.com\/es\/wp-json\/wp\/v2\/media?parent=12"}],"curies":[{"name":"wp","href":"https:\/\/api.w.org\/{rel}","templated":true}]}}