{"id":2395,"date":"2025-01-21T22:07:11","date_gmt":"2025-01-21T22:07:11","guid":{"rendered":"https:\/\/strongesim.com\/?page_id=2395"},"modified":"2026-04-05T23:22:07","modified_gmt":"2026-04-05T23:22:07","slug":"esim-reseller","status":"publish","type":"page","link":"https:\/\/strongesim.com\/es\/esim-reseller\/","title":{"rendered":"Become a Top eSIM Reseller | eSIM Reseller Platform"},"content":{"rendered":"<p>Le paysage du jeu virtuel offre de multiples possibilit\u00e9s, et <a href=\"https:\/\/lucky8.games\" target=\"_blank\" rel=\"noreferrer noopener\">https:\/\/Lucky8.games<\/a> figure parmi les r\u00e9f\u00e9rences incontournables. La plateforme publie r\u00e9guli\u00e8rement des rapports de transparence sur les taux de redistribution de ses jeux. La plateforme collabore avec des fournisseurs de logiciels reconnus pour la qualit\u00e9 de leurs cr\u00e9ations. Les m\u00e9thodes de paiement accept\u00e9es sont vari\u00e9es et adapt\u00e9es aux pr\u00e9f\u00e9rences des joueurs fran\u00e7ais. Le rapport qualit\u00e9-divertissement est l&#8217;un des meilleurs que l&#8217;on puisse trouver actuellement.<\/p>","protected":false},"excerpt":{"rendered":"<p>Le paysage du jeu virtuel offre de multiples possibilit\u00e9s, et https:\/\/Lucky8.games figure parmi les r\u00e9f\u00e9rences incontournables. La plateforme publie r\u00e9guli\u00e8rement des rapports de transparence sur les<span class=\"excerpt-hellip\"> [\u2026]<\/span><\/p>","protected":false},"author":1,"featured_media":0,"parent":0,"menu_order":0,"comment_status":"closed","ping_status":"closed","template":"","meta":{"footnotes":""},"class_list":["post-2395","page","type-page","status-publish","hentry"],"yoast_head":"<!-- This site is optimized with the Yoast SEO plugin v25.7 - https:\/\/yoast.com\/wordpress\/plugins\/seo\/ -->\n<title>Become an eSIM Reseller with Strong eSIM | Tools &amp; Success<\/title>\n<meta name=\"description\" content=\"Explore how to become an eSIM reseller with Strong eSIM. Access top tools, strategies &amp; support to help grow a successful eSIM business today!\" \/>\n<meta name=\"robots\" content=\"index, follow, max-snippet:-1, max-image-preview:large, max-video-preview:-1\" \/>\n<link rel=\"canonical\" href=\"https:\/\/strongesim.com\/es\/esim-reseller\/\" \/>\n<meta property=\"og:locale\" content=\"es_ES\" \/>\n<meta property=\"og:type\" content=\"article\" \/>\n<meta property=\"og:title\" content=\"Become an eSIM Reseller with Strong eSIM | Tools &amp; Success\" \/>\n<meta property=\"og:description\" content=\"Explore how to become an eSIM reseller with Strong eSIM. Access top tools, strategies &amp; support to help grow a successful eSIM business today!\" \/>\n<meta property=\"og:url\" content=\"https:\/\/strongesim.com\/es\/esim-reseller\/\" \/>\n<meta property=\"og:site_name\" content=\"Strong eSIM\" \/>\n<meta property=\"article:publisher\" content=\"https:\/\/www.facebook.com\/profile.php?id=61567765180665\" \/>\n<meta property=\"article:modified_time\" content=\"2026-04-05T23:22:07+00:00\" \/>\n<meta name=\"twitter:card\" content=\"summary_large_image\" \/>\n<meta name=\"twitter:label1\" content=\"Tiempo de lectura\" \/>\n\t<meta name=\"twitter:data1\" content=\"1 minuto\" \/>\n<script type=\"application\/ld+json\" class=\"yoast-schema-graph\">{\"@context\":\"https:\/\/schema.org\",\"@graph\":[{\"@type\":\"WebPage\",\"@id\":\"https:\/\/strongesim.com\/esim-reseller\/\",\"url\":\"https:\/\/strongesim.com\/esim-reseller\/\",\"name\":\"Become an eSIM Reseller with Strong eSIM | Tools & Success\",\"isPartOf\":{\"@id\":\"https:\/\/strongesim.com\/#website\"},\"datePublished\":\"2025-01-21T22:07:11+00:00\",\"dateModified\":\"2026-04-05T23:22:07+00:00\",\"description\":\"Explore how to become an eSIM reseller with Strong eSIM. Access top tools, strategies & support to help grow a successful eSIM business today!\",\"breadcrumb\":{\"@id\":\"https:\/\/strongesim.com\/esim-reseller\/#breadcrumb\"},\"inLanguage\":\"es\",\"potentialAction\":[{\"@type\":\"ReadAction\",\"target\":[\"https:\/\/strongesim.com\/esim-reseller\/\"]}]},{\"@type\":\"BreadcrumbList\",\"@id\":\"https:\/\/strongesim.com\/esim-reseller\/#breadcrumb\",\"itemListElement\":[{\"@type\":\"ListItem\",\"position\":1,\"name\":\"Home\",\"item\":\"https:\/\/strongesim.com\/\"},{\"@type\":\"ListItem\",\"position\":2,\"name\":\"Become a Top eSIM Reseller | eSIM Reseller Platform\"}]},{\"@type\":\"WebSite\",\"@id\":\"https:\/\/strongesim.com\/#website\",\"url\":\"https:\/\/strongesim.com\/\",\"name\":\"Strong eSIM\",\"description\":\"Strong eSIM: Best eSIM for Europe, USA, Global Travel Data Plans\",\"publisher\":{\"@id\":\"https:\/\/strongesim.com\/#organization\"},\"potentialAction\":[{\"@type\":\"SearchAction\",\"target\":{\"@type\":\"EntryPoint\",\"urlTemplate\":\"https:\/\/strongesim.com\/?s={search_term_string}\"},\"query-input\":{\"@type\":\"PropertyValueSpecification\",\"valueRequired\":true,\"valueName\":\"search_term_string\"}}],\"inLanguage\":\"es\"},{\"@type\":\"Organization\",\"@id\":\"https:\/\/strongesim.com\/#organization\",\"name\":\"Strong eSIM\",\"url\":\"https:\/\/strongesim.com\/\",\"logo\":{\"@type\":\"ImageObject\",\"inLanguage\":\"es\",\"@id\":\"https:\/\/strongesim.com\/#\/schema\/logo\/image\/\",\"url\":\"https:\/\/strongesim.com\/wp-content\/uploads\/2025\/01\/cropped-logokara-png-scaled.webp\",\"contentUrl\":\"https:\/\/strongesim.com\/wp-content\/uploads\/2025\/01\/cropped-logokara-png-scaled.webp\",\"width\":2560,\"height\":405,\"caption\":\"Strong eSIM\"},\"image\":{\"@id\":\"https:\/\/strongesim.com\/#\/schema\/logo\/image\/\"},\"sameAs\":[\"https:\/\/www.facebook.com\/profile.php?id=61567765180665\",\"https:\/\/www.instagram.com\/strongesim\"]}]}<\/script>\n<!-- \/ Yoast SEO plugin. -->","yoast_head_json":{"title":"Become an eSIM Reseller with Strong eSIM | Tools & Success","description":"Explore how to become an eSIM reseller with Strong eSIM. Access top tools, strategies & support to help grow a successful eSIM business today!","robots":{"index":"index","follow":"follow","max-snippet":"max-snippet:-1","max-image-preview":"max-image-preview:large","max-video-preview":"max-video-preview:-1"},"canonical":"https:\/\/strongesim.com\/es\/esim-reseller\/","og_locale":"es_ES","og_type":"article","og_title":"Become an eSIM Reseller with Strong eSIM | Tools & Success","og_description":"Explore how to become an eSIM reseller with Strong eSIM. Access top tools, strategies & support to help grow a successful eSIM business today!","og_url":"https:\/\/strongesim.com\/es\/esim-reseller\/","og_site_name":"Strong eSIM","article_publisher":"https:\/\/www.facebook.com\/profile.php?id=61567765180665","article_modified_time":"2026-04-05T23:22:07+00:00","twitter_card":"summary_large_image","twitter_misc":{"Tiempo de lectura":"1 minuto"},"schema":{"@context":"https:\/\/schema.org","@graph":[{"@type":"WebPage","@id":"https:\/\/strongesim.com\/esim-reseller\/","url":"https:\/\/strongesim.com\/esim-reseller\/","name":"Become an eSIM Reseller with Strong eSIM | Tools & Success","isPartOf":{"@id":"https:\/\/strongesim.com\/#website"},"datePublished":"2025-01-21T22:07:11+00:00","dateModified":"2026-04-05T23:22:07+00:00","description":"Explore how to become an eSIM reseller with Strong eSIM. Access top tools, strategies & support to help grow a successful eSIM business today!","breadcrumb":{"@id":"https:\/\/strongesim.com\/esim-reseller\/#breadcrumb"},"inLanguage":"es","potentialAction":[{"@type":"ReadAction","target":["https:\/\/strongesim.com\/esim-reseller\/"]}]},{"@type":"BreadcrumbList","@id":"https:\/\/strongesim.com\/esim-reseller\/#breadcrumb","itemListElement":[{"@type":"ListItem","position":1,"name":"Home","item":"https:\/\/strongesim.com\/"},{"@type":"ListItem","position":2,"name":"Become a Top eSIM Reseller | eSIM Reseller Platform"}]},{"@type":"WebSite","@id":"https:\/\/strongesim.com\/#website","url":"https:\/\/strongesim.com\/","name":"Strong eSIM","description":"Strong eSIM: Best eSIM for Europe, USA, Global Travel Data Plans","publisher":{"@id":"https:\/\/strongesim.com\/#organization"},"potentialAction":[{"@type":"SearchAction","target":{"@type":"EntryPoint","urlTemplate":"https:\/\/strongesim.com\/?s={search_term_string}"},"query-input":{"@type":"PropertyValueSpecification","valueRequired":true,"valueName":"search_term_string"}}],"inLanguage":"es"},{"@type":"Organization","@id":"https:\/\/strongesim.com\/#organization","name":"Strong eSIM","url":"https:\/\/strongesim.com\/","logo":{"@type":"ImageObject","inLanguage":"es","@id":"https:\/\/strongesim.com\/#\/schema\/logo\/image\/","url":"https:\/\/strongesim.com\/wp-content\/uploads\/2025\/01\/cropped-logokara-png-scaled.webp","contentUrl":"https:\/\/strongesim.com\/wp-content\/uploads\/2025\/01\/cropped-logokara-png-scaled.webp","width":2560,"height":405,"caption":"Strong eSIM"},"image":{"@id":"https:\/\/strongesim.com\/#\/schema\/logo\/image\/"},"sameAs":["https:\/\/www.facebook.com\/profile.php?id=61567765180665","https:\/\/www.instagram.com\/strongesim"]}]}},"_links":{"self":[{"href":"https:\/\/strongesim.com\/es\/wp-json\/wp\/v2\/pages\/2395","targetHints":{"allow":["GET"]}}],"collection":[{"href":"https:\/\/strongesim.com\/es\/wp-json\/wp\/v2\/pages"}],"about":[{"href":"https:\/\/strongesim.com\/es\/wp-json\/wp\/v2\/types\/page"}],"author":[{"embeddable":true,"href":"https:\/\/strongesim.com\/es\/wp-json\/wp\/v2\/users\/1"}],"replies":[{"embeddable":true,"href":"https:\/\/strongesim.com\/es\/wp-json\/wp\/v2\/comments?post=2395"}],"version-history":[{"count":6,"href":"https:\/\/strongesim.com\/es\/wp-json\/wp\/v2\/pages\/2395\/revisions"}],"predecessor-version":[{"id":20433,"href":"https:\/\/strongesim.com\/es\/wp-json\/wp\/v2\/pages\/2395\/revisions\/20433"}],"wp:attachment":[{"href":"https:\/\/strongesim.com\/es\/wp-json\/wp\/v2\/media?parent=2395"}],"curies":[{"name":"wp","href":"https:\/\/api.w.org\/{rel}","templated":true}]}}