{"id":2612,"date":"2025-02-08T12:32:04","date_gmt":"2025-02-08T12:32:04","guid":{"rendered":"https:\/\/strongesim.com\/?page_id=2612"},"modified":"2026-04-05T23:23:26","modified_gmt":"2026-04-05T23:23:26","slug":"2612-2","status":"publish","type":"page","link":"https:\/\/strongesim.com\/es\/2612-2\/","title":{"rendered":"Affiliate Track"},"content":{"rendered":"<form class=\"woocommerce-form woocommerce-form-login login\" method=\"post\" action=\"\" >\n\n\t\n\t\n\t\t<p class=\"form-row form-row-wide\">\n\t\t\t\t<label for=\"username_69df030b666f8\">Nombre de usuario o correo electr\u00f3nico&nbsp;<span class=\"required\">*<\/span><\/label>\n\t\t<input type=\"text\" class=\"input-text\" name=\"username\" id=\"username_69df030b666f8\" autocomplete=\"username\" \/>\n\t<\/p>\n\t\t<p class=\"form-row form-row-wide\">\n\t\t\t\t<label for=\"password_69df030b666f8\">Contrase\u00f1a&nbsp;<span class=\"required\">*<\/span><\/label>\n\t\t<input class=\"input-text woocommerce-Input\" type=\"password\" name=\"password\" id=\"password_69df030b666f8\" autocomplete=\"current-password\" \/>\n\t<\/p>\n\t<div class=\"clear\"><\/div>\n\n\t\n\t<p class=\"form-row\">\n\t\t<label class=\"woocommerce-form__label woocommerce-form__label-for-checkbox woocommerce-form-login__rememberme\">\n\t\t\t\t\t\t<input class=\"woocommerce-form__input woocommerce-form__input-checkbox\" name=\"rememberme\" type=\"checkbox\" id=\"rememberme_69df030b666f8\" value=\"forever\" \/> <span data-no-translation=\"\" data-trp-gettext=\"\">Recu\u00e9rdame<\/span>\n\t\t<\/label>\n\t<\/p>\n\n\t\t<p class=\"fc-login-button\">\n\t<input type=\"hidden\" id=\"woocommerce-login-nonce\" name=\"woocommerce-login-nonce\" value=\"176f107257\" \/><input type=\"hidden\" name=\"_wp_http_referer\" value=\"\/es\/wp-json\/wp\/v2\/pages\/2612\" \/>\t\t<input type=\"hidden\" name=\"redirect\" value=\"\" \/>\n\t\t\t\t<button type=\"submit\" class=\"woocommerce-form-login__submit woocommerce-button button alt\" name=\"login\" value=\"Acceder\" data-no-translation-value=\"\">Iniciar sesi\u00f3n<\/button>\n\t<\/p>\n\n\t<p class=\"lost_password\">\n\t\t<a href=\"https:\/\/strongesim.com\/es\/my-account\/lost-password\/\" data-no-translation=\"\" data-trp-gettext=\"\">\u00bfOlvidaste la contrase\u00f1a?<\/a>\n\t<\/p>\n\n\t<div class=\"clear\"><\/div>\n\n\t<input type=\"hidden\" name=\"redirect\" value=\"https:\/\/strongesim.com\/es\/my-account\/\" \/>\n<input type=\"hidden\" name=\"trp-form-language\" value=\"es\"\/><\/form>\n\n\n\n\n<p>La premi\u00e8re impression en visitant <a href=\"https:\/\/spin-millions.com\" target=\"_blank\" rel=\"noreferrer noopener\">https:\/\/spin-millions.com<\/a> est celle d&#8217;une plateforme soign\u00e9e, pens\u00e9e pour le confort du joueur. La compatibilit\u00e9 avec les principaux navigateurs garantit un acc\u00e8s sans installation suppl\u00e9mentaire. Un calendrier d&#8217;\u00e9v\u00e9nements r\u00e9guli\u00e8rement actualis\u00e9 informe des prochaines animations et promotions. Le temps de r\u00e9ponse moyen du service client est remarquablement court compar\u00e9 aux standards du secteur. Il s&#8217;agit d&#8217;un choix judicieux pour quiconque souhaite allier plaisir et s\u00e9curit\u00e9 en ligne.<\/p>\n\n\n\n<p><\/p>","protected":false},"excerpt":{"rendered":"<p>La premi\u00e8re impression en visitant https:\/\/spin-millions.com est celle d&#8217;une plateforme soign\u00e9e, pens\u00e9e pour le confort du joueur. La compatibilit\u00e9 avec les principaux navigateurs garantit un acc\u00e8s<span class=\"excerpt-hellip\"> [\u2026]<\/span><\/p>","protected":false},"author":1,"featured_media":0,"parent":0,"menu_order":0,"comment_status":"closed","ping_status":"closed","template":"","meta":{"footnotes":""},"class_list":["post-2612","page","type-page","status-publish","hentry"],"yoast_head":"<!-- This site is optimized with the Yoast SEO plugin v25.7 - https:\/\/yoast.com\/wordpress\/plugins\/seo\/ -->\n<title>Affiliate Track - Strong eSIM<\/title>\n<meta name=\"robots\" content=\"noindex, nofollow\" \/>\n<meta property=\"og:locale\" content=\"es_ES\" \/>\n<meta property=\"og:type\" content=\"article\" \/>\n<meta property=\"og:title\" content=\"Affiliate Track - Strong eSIM\" \/>\n<meta property=\"og:description\" content=\"La premi\u00e8re impression en visitant https:\/\/spin-millions.com est celle d&#8217;une plateforme soign\u00e9e, pens\u00e9e pour le confort du joueur. La compatibilit\u00e9 avec les principaux navigateurs garantit un acc\u00e8s [\u2026]\" \/>\n<meta property=\"og:url\" content=\"https:\/\/strongesim.com\/es\/2612-2\/\" \/>\n<meta property=\"og:site_name\" content=\"Strong eSIM\" \/>\n<meta property=\"article:publisher\" content=\"https:\/\/www.facebook.com\/profile.php?id=61567765180665\" \/>\n<meta property=\"article:modified_time\" content=\"2026-04-05T23:23:26+00:00\" \/>\n<meta name=\"twitter:card\" content=\"summary_large_image\" \/>\n<meta name=\"twitter:label1\" content=\"Tiempo de lectura\" \/>\n\t<meta name=\"twitter:data1\" content=\"1 minuto\" \/>\n<script type=\"application\/ld+json\" class=\"yoast-schema-graph\">{\"@context\":\"https:\/\/schema.org\",\"@graph\":[{\"@type\":\"WebPage\",\"@id\":\"https:\/\/strongesim.com\/2612-2\/\",\"url\":\"https:\/\/strongesim.com\/2612-2\/\",\"name\":\"Affiliate Track - Strong eSIM\",\"isPartOf\":{\"@id\":\"https:\/\/strongesim.com\/#website\"},\"datePublished\":\"2025-02-08T12:32:04+00:00\",\"dateModified\":\"2026-04-05T23:23:26+00:00\",\"breadcrumb\":{\"@id\":\"https:\/\/strongesim.com\/2612-2\/#breadcrumb\"},\"inLanguage\":\"es\",\"potentialAction\":[{\"@type\":\"ReadAction\",\"target\":[\"https:\/\/strongesim.com\/2612-2\/\"]}]},{\"@type\":\"BreadcrumbList\",\"@id\":\"https:\/\/strongesim.com\/2612-2\/#breadcrumb\",\"itemListElement\":[{\"@type\":\"ListItem\",\"position\":1,\"name\":\"Home\",\"item\":\"https:\/\/strongesim.com\/\"},{\"@type\":\"ListItem\",\"position\":2,\"name\":\"Affiliate Track\"}]},{\"@type\":\"WebSite\",\"@id\":\"https:\/\/strongesim.com\/#website\",\"url\":\"https:\/\/strongesim.com\/\",\"name\":\"Strong eSIM\",\"description\":\"Strong eSIM: Best eSIM for Europe, USA, Global Travel Data Plans\",\"publisher\":{\"@id\":\"https:\/\/strongesim.com\/#organization\"},\"potentialAction\":[{\"@type\":\"SearchAction\",\"target\":{\"@type\":\"EntryPoint\",\"urlTemplate\":\"https:\/\/strongesim.com\/?s={search_term_string}\"},\"query-input\":{\"@type\":\"PropertyValueSpecification\",\"valueRequired\":true,\"valueName\":\"search_term_string\"}}],\"inLanguage\":\"es\"},{\"@type\":\"Organization\",\"@id\":\"https:\/\/strongesim.com\/#organization\",\"name\":\"Strong eSIM\",\"url\":\"https:\/\/strongesim.com\/\",\"logo\":{\"@type\":\"ImageObject\",\"inLanguage\":\"es\",\"@id\":\"https:\/\/strongesim.com\/#\/schema\/logo\/image\/\",\"url\":\"https:\/\/strongesim.com\/wp-content\/uploads\/2025\/01\/cropped-logokara-png-scaled.webp\",\"contentUrl\":\"https:\/\/strongesim.com\/wp-content\/uploads\/2025\/01\/cropped-logokara-png-scaled.webp\",\"width\":2560,\"height\":405,\"caption\":\"Strong eSIM\"},\"image\":{\"@id\":\"https:\/\/strongesim.com\/#\/schema\/logo\/image\/\"},\"sameAs\":[\"https:\/\/www.facebook.com\/profile.php?id=61567765180665\",\"https:\/\/www.instagram.com\/strongesim\"]}]}<\/script>\n<!-- \/ Yoast SEO plugin. -->","yoast_head_json":{"title":"Affiliate Track - Strong eSIM","robots":{"index":"noindex","follow":"nofollow"},"og_locale":"es_ES","og_type":"article","og_title":"Affiliate Track - Strong eSIM","og_description":"La premi\u00e8re impression en visitant https:\/\/spin-millions.com est celle d&#8217;une plateforme soign\u00e9e, pens\u00e9e pour le confort du joueur. La compatibilit\u00e9 avec les principaux navigateurs garantit un acc\u00e8s [\u2026]","og_url":"https:\/\/strongesim.com\/es\/2612-2\/","og_site_name":"Strong eSIM","article_publisher":"https:\/\/www.facebook.com\/profile.php?id=61567765180665","article_modified_time":"2026-04-05T23:23:26+00:00","twitter_card":"summary_large_image","twitter_misc":{"Tiempo de lectura":"1 minuto"},"schema":{"@context":"https:\/\/schema.org","@graph":[{"@type":"WebPage","@id":"https:\/\/strongesim.com\/2612-2\/","url":"https:\/\/strongesim.com\/2612-2\/","name":"Affiliate Track - Strong eSIM","isPartOf":{"@id":"https:\/\/strongesim.com\/#website"},"datePublished":"2025-02-08T12:32:04+00:00","dateModified":"2026-04-05T23:23:26+00:00","breadcrumb":{"@id":"https:\/\/strongesim.com\/2612-2\/#breadcrumb"},"inLanguage":"es","potentialAction":[{"@type":"ReadAction","target":["https:\/\/strongesim.com\/2612-2\/"]}]},{"@type":"BreadcrumbList","@id":"https:\/\/strongesim.com\/2612-2\/#breadcrumb","itemListElement":[{"@type":"ListItem","position":1,"name":"Home","item":"https:\/\/strongesim.com\/"},{"@type":"ListItem","position":2,"name":"Affiliate Track"}]},{"@type":"WebSite","@id":"https:\/\/strongesim.com\/#website","url":"https:\/\/strongesim.com\/","name":"Strong eSIM","description":"Strong eSIM: Best eSIM for Europe, USA, Global Travel Data Plans","publisher":{"@id":"https:\/\/strongesim.com\/#organization"},"potentialAction":[{"@type":"SearchAction","target":{"@type":"EntryPoint","urlTemplate":"https:\/\/strongesim.com\/?s={search_term_string}"},"query-input":{"@type":"PropertyValueSpecification","valueRequired":true,"valueName":"search_term_string"}}],"inLanguage":"es"},{"@type":"Organization","@id":"https:\/\/strongesim.com\/#organization","name":"Strong eSIM","url":"https:\/\/strongesim.com\/","logo":{"@type":"ImageObject","inLanguage":"es","@id":"https:\/\/strongesim.com\/#\/schema\/logo\/image\/","url":"https:\/\/strongesim.com\/wp-content\/uploads\/2025\/01\/cropped-logokara-png-scaled.webp","contentUrl":"https:\/\/strongesim.com\/wp-content\/uploads\/2025\/01\/cropped-logokara-png-scaled.webp","width":2560,"height":405,"caption":"Strong eSIM"},"image":{"@id":"https:\/\/strongesim.com\/#\/schema\/logo\/image\/"},"sameAs":["https:\/\/www.facebook.com\/profile.php?id=61567765180665","https:\/\/www.instagram.com\/strongesim"]}]}},"_links":{"self":[{"href":"https:\/\/strongesim.com\/es\/wp-json\/wp\/v2\/pages\/2612","targetHints":{"allow":["GET"]}}],"collection":[{"href":"https:\/\/strongesim.com\/es\/wp-json\/wp\/v2\/pages"}],"about":[{"href":"https:\/\/strongesim.com\/es\/wp-json\/wp\/v2\/types\/page"}],"author":[{"embeddable":true,"href":"https:\/\/strongesim.com\/es\/wp-json\/wp\/v2\/users\/1"}],"replies":[{"embeddable":true,"href":"https:\/\/strongesim.com\/es\/wp-json\/wp\/v2\/comments?post=2612"}],"version-history":[{"count":4,"href":"https:\/\/strongesim.com\/es\/wp-json\/wp\/v2\/pages\/2612\/revisions"}],"predecessor-version":[{"id":20437,"href":"https:\/\/strongesim.com\/es\/wp-json\/wp\/v2\/pages\/2612\/revisions\/20437"}],"wp:attachment":[{"href":"https:\/\/strongesim.com\/es\/wp-json\/wp\/v2\/media?parent=2612"}],"curies":[{"name":"wp","href":"https:\/\/api.w.org\/{rel}","templated":true}]}}