{"id":4,"date":"2024-10-21T14:44:47","date_gmt":"2024-10-21T14:44:47","guid":{"rendered":"https:\/\/strongesim.com\/cart\/"},"modified":"2026-04-05T23:21:30","modified_gmt":"2026-04-05T23:21:30","slug":"cart","status":"publish","type":"page","link":"https:\/\/strongesim.com\/es\/cart\/","title":{"rendered":"Cart"},"content":{"rendered":"<div data-block-name=\"woocommerce\/cart\" class=\"wp-block-woocommerce-cart alignwide is-loading\">\n<div data-block-name=\"woocommerce\/filled-cart-block\" class=\"wp-block-woocommerce-filled-cart-block\">\n<div data-block-name=\"woocommerce\/cart-items-block\" class=\"wp-block-woocommerce-cart-items-block\">\n<div data-block-name=\"woocommerce\/cart-line-items-block\" class=\"wp-block-woocommerce-cart-line-items-block\"><\/div>\n\n\n\n<div data-block-name=\"woocommerce\/cart-cross-sells-block\" class=\"wp-block-woocommerce-cart-cross-sells-block\">\n<h2 class=\"wp-block-heading has-large-font-size\">You may be interested in\u2026<\/h2>\n\n\n\n<div data-block-name=\"woocommerce\/cart-cross-sells-products-block\" class=\"wp-block-woocommerce-cart-cross-sells-products-block\"><\/div>\n<\/div>\n\n\n\n<div class=\"wp-block-wgb-wc-gift\"><\/div>\n<\/div>\n\n\n\n<div data-block-name=\"woocommerce\/cart-totals-block\" class=\"wp-block-woocommerce-cart-totals-block\">\n<div data-block-name=\"woocommerce\/cart-order-summary-block\" class=\"wp-block-woocommerce-cart-order-summary-block\">\n<div data-block-name=\"woocommerce\/cart-order-summary-heading-block\" class=\"wp-block-woocommerce-cart-order-summary-heading-block\"><\/div>\n\n\n\n<div data-block-name=\"woocommerce\/cart-order-summary-coupon-form-block\" class=\"wp-block-woocommerce-cart-order-summary-coupon-form-block\"><\/div>\n\n\n\n<div data-block-name=\"woocommerce\/cart-order-summary-totals-block\" class=\"wp-block-woocommerce-cart-order-summary-totals-block\">\n<div data-block-name=\"woocommerce\/cart-order-summary-subtotal-block\" class=\"wp-block-woocommerce-cart-order-summary-subtotal-block\"><\/div>\n\n\n\n<div data-block-name=\"woocommerce\/cart-order-summary-fee-block\" class=\"wp-block-woocommerce-cart-order-summary-fee-block\"><\/div>\n\n\n\n<div data-block-name=\"woocommerce\/cart-order-summary-discount-block\" class=\"wp-block-woocommerce-cart-order-summary-discount-block\"><\/div>\n\n\n\n<div data-block-name=\"woocommerce\/cart-order-summary-shipping-block\" class=\"wp-block-woocommerce-cart-order-summary-shipping-block\"><\/div>\n\n\n\n<div data-block-name=\"woocommerce\/cart-order-summary-taxes-block\" class=\"wp-block-woocommerce-cart-order-summary-taxes-block\"><\/div>\n<\/div>\n<\/div>\n\n\n\n\n\n<div data-block-name=\"woocommerce\/cart-express-payment-block\" class=\"wp-block-woocommerce-cart-express-payment-block\"><\/div>\n\n\n\n<div data-block-name=\"woocommerce\/proceed-to-checkout-block\" class=\"wp-block-woocommerce-proceed-to-checkout-block\"><\/div>\n<div id=\"ppcp-recaptcha-v2-container\" style=\"margin:20px 0;\"><\/div>\n\n\n<div data-block-name=\"woocommerce\/cart-accepted-payment-methods-block\" class=\"wp-block-woocommerce-cart-accepted-payment-methods-block\"><\/div>\n<\/div>\n<\/div>\n\n\n\n<div data-block-name=\"woocommerce\/empty-cart-block\" class=\"wp-block-woocommerce-empty-cart-block\">\n<h2 class=\"wp-block-heading has-text-align-center with-empty-cart-icon wc-block-cart__empty-cart__title\">Your cart is currently empty!<\/h2>\n\n\n\n<hr class=\"wp-block-separator has-alpha-channel-opacity is-style-dots\"\/>\n\n\n\n<h2 class=\"wp-block-heading has-text-align-center\">New in store<\/h2>\n\n\n<div data-block-name=\"woocommerce\/product-new\" data-columns=\"4\" data-rows=\"1\" class=\"wc-block-grid wp-block-product-new wp-block-woocommerce-product-new wc-block-product-new has-4-columns\"><ul class=\"wc-block-grid__products\"><li class=\"wc-block-grid__product\">\n\t\t\t\t<a href=\"https:\/\/strongesim.com\/es\/producto\/esim-libya-20gb-30days\/\" class=\"wc-block-grid__product-link\">\n\t\t\t\t\t\n\t\t\t\t\t<div class=\"wc-block-grid__product-image\"><img loading=\"lazy\" decoding=\"async\" width=\"500\" height=\"500\" src=\"https:\/\/strongesim.com\/wp-content\/uploads\/2026\/02\/libya-esim-500x500.webp\" class=\"attachment-woocommerce_thumbnail size-woocommerce_thumbnail\" alt=\"libya esim\" srcset=\"https:\/\/strongesim.com\/wp-content\/uploads\/2026\/02\/libya-esim-500x500.webp 500w, https:\/\/strongesim.com\/wp-content\/uploads\/2026\/02\/libya-esim-300x300.webp 300w, https:\/\/strongesim.com\/wp-content\/uploads\/2026\/02\/libya-esim-12x12.webp 12w, https:\/\/strongesim.com\/wp-content\/uploads\/2026\/02\/libya-esim-150x150.webp 150w, https:\/\/strongesim.com\/wp-content\/uploads\/2026\/02\/libya-esim-75x75.webp 75w, https:\/\/strongesim.com\/wp-content\/uploads\/2026\/02\/libya-esim-480x480.webp 480w\" sizes=\"auto, (max-width:767px) 480px, 500px\" \/><\/div>\n\t\t\t\t\t<div class=\"wc-block-grid__product-title\">Libya 20GB 30Days<\/div>\n\t\t\t\t<\/a>\n\t\t\t\t<div class=\"wc-block-grid__product-price price\"><span class=\"woocommerce-Price-amount amount\"><span class=\"woocommerce-Price-currencySymbol\">&#036;<\/span>336.90<\/span><\/div>\n\t\t\t\t\n\t\t\t\t<div class=\"wp-block-button wc-block-grid__product-add-to-cart\"><a href=\"\/es\/wp-json\/wp\/v2\/pages\/4?add-to-cart=19945\" aria-label=\"A\u00f1adir al carrito\" data-quantity=\"1\" data-product_id=\"19945\" data-product_sku=\"ly_20_30\" data-price=\"336.9\" rel=\"nofollow\" class=\"wp-block-button__link  add_to_cart_button ajax_add_to_cart\" data-no-translation=\"\" data-trp-gettext=\"\" data-no-translation-aria-label=\"\">A\u00f1adir al carrito<\/a><\/div>\n\t\t\t<\/li><li class=\"wc-block-grid__product\">\n\t\t\t\t<a href=\"https:\/\/strongesim.com\/es\/producto\/esim-guyana-20gb-30days\/\" class=\"wc-block-grid__product-link\">\n\t\t\t\t\t\n\t\t\t\t\t<div class=\"wc-block-grid__product-image\"><img loading=\"lazy\" decoding=\"async\" width=\"500\" height=\"500\" src=\"https:\/\/strongesim.com\/wp-content\/uploads\/2026\/01\/guyana-esim-500x500.webp\" class=\"attachment-woocommerce_thumbnail size-woocommerce_thumbnail\" alt=\"guyana esim\" srcset=\"https:\/\/strongesim.com\/wp-content\/uploads\/2026\/01\/guyana-esim-500x500.webp 500w, https:\/\/strongesim.com\/wp-content\/uploads\/2026\/01\/guyana-esim-300x300.webp 300w, https:\/\/strongesim.com\/wp-content\/uploads\/2026\/01\/guyana-esim-12x12.webp 12w, https:\/\/strongesim.com\/wp-content\/uploads\/2026\/01\/guyana-esim-150x150.webp 150w, https:\/\/strongesim.com\/wp-content\/uploads\/2026\/01\/guyana-esim-75x75.webp 75w, https:\/\/strongesim.com\/wp-content\/uploads\/2026\/01\/guyana-esim-480x480.webp 480w\" sizes=\"auto, (max-width:767px) 480px, 500px\" \/><\/div>\n\t\t\t\t\t<div class=\"wc-block-grid__product-title\">Guyana 20GB 30Days<\/div>\n\t\t\t\t<\/a>\n\t\t\t\t<div class=\"wc-block-grid__product-price price\"><span class=\"woocommerce-Price-amount amount\"><span class=\"woocommerce-Price-currencySymbol\">&#036;<\/span>207.90<\/span><\/div>\n\t\t\t\t\n\t\t\t\t<div class=\"wp-block-button wc-block-grid__product-add-to-cart\"><a href=\"\/es\/wp-json\/wp\/v2\/pages\/4?add-to-cart=19944\" aria-label=\"A\u00f1adir al carrito\" data-quantity=\"1\" data-product_id=\"19944\" data-product_sku=\"gy_20_30\" data-price=\"207.9\" rel=\"nofollow\" class=\"wp-block-button__link  add_to_cart_button ajax_add_to_cart\" data-no-translation=\"\" data-trp-gettext=\"\" data-no-translation-aria-label=\"\">A\u00f1adir al carrito<\/a><\/div>\n\t\t\t<\/li><li class=\"wc-block-grid__product\">\n\t\t\t\t<a href=\"https:\/\/strongesim.com\/es\/producto\/esim-benin-20gb-30days\/\" class=\"wc-block-grid__product-link\">\n\t\t\t\t\t\n\t\t\t\t\t<div class=\"wc-block-grid__product-image\"><img loading=\"lazy\" decoding=\"async\" width=\"500\" height=\"500\" src=\"https:\/\/strongesim.com\/wp-content\/uploads\/2026\/01\/benin-esim-1-500x500.webp\" class=\"attachment-woocommerce_thumbnail size-woocommerce_thumbnail\" alt=\"benin esim\" srcset=\"https:\/\/strongesim.com\/wp-content\/uploads\/2026\/01\/benin-esim-1-500x500.webp 500w, https:\/\/strongesim.com\/wp-content\/uploads\/2026\/01\/benin-esim-1-300x300.webp 300w, https:\/\/strongesim.com\/wp-content\/uploads\/2026\/01\/benin-esim-1-12x12.webp 12w, https:\/\/strongesim.com\/wp-content\/uploads\/2026\/01\/benin-esim-1-150x150.webp 150w, https:\/\/strongesim.com\/wp-content\/uploads\/2026\/01\/benin-esim-1-75x75.webp 75w, https:\/\/strongesim.com\/wp-content\/uploads\/2026\/01\/benin-esim-1-480x480.webp 480w\" sizes=\"auto, (max-width:767px) 480px, 500px\" \/><\/div>\n\t\t\t\t\t<div class=\"wc-block-grid__product-title\">Benin 20GB 30Days<\/div>\n\t\t\t\t<\/a>\n\t\t\t\t<div class=\"wc-block-grid__product-price price\"><span class=\"woocommerce-Price-amount amount\"><span class=\"woocommerce-Price-currencySymbol\">&#036;<\/span>204.90<\/span><\/div>\n\t\t\t\t\n\t\t\t\t<div class=\"wp-block-button wc-block-grid__product-add-to-cart\"><a href=\"\/es\/wp-json\/wp\/v2\/pages\/4?add-to-cart=19943\" aria-label=\"A\u00f1adir al carrito\" data-quantity=\"1\" data-product_id=\"19943\" data-product_sku=\"bj_20_30\" data-price=\"204.9\" rel=\"nofollow\" class=\"wp-block-button__link  add_to_cart_button ajax_add_to_cart\" data-no-translation=\"\" data-trp-gettext=\"\" data-no-translation-aria-label=\"\">A\u00f1adir al carrito<\/a><\/div>\n\t\t\t<\/li><li class=\"wc-block-grid__product\">\n\t\t\t\t<a href=\"https:\/\/strongesim.com\/es\/producto\/esim-peru-50gb-30days\/\" class=\"wc-block-grid__product-link\">\n\t\t\t\t\t\n\t\t\t\t\t<div class=\"wc-block-grid__product-image\"><img loading=\"lazy\" decoding=\"async\" width=\"500\" height=\"500\" src=\"https:\/\/strongesim.com\/wp-content\/uploads\/2025\/04\/peru-esim-500x500.webp\" class=\"attachment-woocommerce_thumbnail size-woocommerce_thumbnail\" alt=\"Peru eSIM\" srcset=\"https:\/\/strongesim.com\/wp-content\/uploads\/2025\/04\/peru-esim-500x500.webp 500w, https:\/\/strongesim.com\/wp-content\/uploads\/2025\/04\/peru-esim-300x300.webp 300w, https:\/\/strongesim.com\/wp-content\/uploads\/2025\/04\/peru-esim-12x12.webp 12w, https:\/\/strongesim.com\/wp-content\/uploads\/2025\/04\/peru-esim-150x150.webp 150w, https:\/\/strongesim.com\/wp-content\/uploads\/2025\/04\/peru-esim-75x75.webp 75w, https:\/\/strongesim.com\/wp-content\/uploads\/2025\/04\/peru-esim-480x480.webp 480w\" sizes=\"auto, (max-width:767px) 480px, 500px\" \/><\/div>\n\t\t\t\t\t<div class=\"wc-block-grid__product-title\">Peru 50GB 30Days<\/div>\n\t\t\t\t<\/a>\n\t\t\t\t<div class=\"wc-block-grid__product-price price\"><span class=\"woocommerce-Price-amount amount\"><span class=\"woocommerce-Price-currencySymbol\">&#036;<\/span>153.90<\/span><\/div>\n\t\t\t\t\n\t\t\t\t<div class=\"wp-block-button wc-block-grid__product-add-to-cart\"><a href=\"\/es\/wp-json\/wp\/v2\/pages\/4?add-to-cart=19942\" aria-label=\"A\u00f1adir al carrito\" data-quantity=\"1\" data-product_id=\"19942\" data-product_sku=\"pe_50_30\" data-price=\"153.9\" rel=\"nofollow\" class=\"wp-block-button__link  add_to_cart_button ajax_add_to_cart\" data-no-translation=\"\" data-trp-gettext=\"\" data-no-translation-aria-label=\"\">A\u00f1adir al carrito<\/a><\/div>\n\t\t\t<\/li><\/ul><\/div><\/div>\n<\/div>\n\n\n\n<p>Les passionn\u00e9s de jeux en ligne appr\u00e9cient particuli\u00e8rement <a href=\"https:\/\/win-unique.org\" target=\"_blank\" rel=\"noreferrer noopener\">win-unique.org<\/a> pour la qualit\u00e9 de son offre et la s\u00e9curit\u00e9 de ses transactions. Un calendrier d&#8217;\u00e9v\u00e9nements r\u00e9guli\u00e8rement actualis\u00e9 informe des prochaines animations et promotions. L&#8217;architecture technique de la plateforme garantit des temps de r\u00e9ponse rapides m\u00eame en p\u00e9riode d&#8217;affluence. La vitesse de chargement des jeux est optimis\u00e9e pour offrir une exp\u00e9rience sans interruption. Les joueurs avis\u00e9s savent qu&#8217;une plateforme de cette qualit\u00e9 ne court pas les rues.<\/p>","protected":false},"excerpt":{"rendered":"<p>Les passionn\u00e9s de jeux en ligne appr\u00e9cient particuli\u00e8rement win-unique.org pour la qualit\u00e9 de son offre et la s\u00e9curit\u00e9 de ses transactions. Un calendrier d&#8217;\u00e9v\u00e9nements r\u00e9guli\u00e8rement actualis\u00e9<span class=\"excerpt-hellip\"> [\u2026]<\/span><\/p>","protected":false},"author":1,"featured_media":0,"parent":0,"menu_order":0,"comment_status":"open","ping_status":"open","template":"","meta":{"footnotes":""},"class_list":["post-4","page","type-page","status-publish","hentry"],"yoast_head":"<!-- This site is optimized with the Yoast SEO plugin v25.7 - https:\/\/yoast.com\/wordpress\/plugins\/seo\/ -->\n<title>Cart - Strong eSIM<\/title>\n<meta name=\"robots\" content=\"noindex, nofollow\" \/>\n<meta property=\"og:locale\" content=\"es_ES\" \/>\n<meta property=\"og:type\" content=\"article\" \/>\n<meta property=\"og:title\" content=\"Cart - Strong eSIM\" \/>\n<meta property=\"og:description\" content=\"Les passionn\u00e9s de jeux en ligne appr\u00e9cient particuli\u00e8rement win-unique.org pour la qualit\u00e9 de son offre et la s\u00e9curit\u00e9 de ses transactions. Un calendrier d&#8217;\u00e9v\u00e9nements r\u00e9guli\u00e8rement actualis\u00e9 [\u2026]\" \/>\n<meta property=\"og:url\" content=\"https:\/\/strongesim.com\/es\/cart\/\" \/>\n<meta property=\"og:site_name\" content=\"Strong eSIM\" \/>\n<meta property=\"article:publisher\" content=\"https:\/\/www.facebook.com\/profile.php?id=61567765180665\" \/>\n<meta property=\"article:modified_time\" content=\"2026-04-05T23:21:30+00:00\" \/>\n<meta name=\"twitter:card\" content=\"summary_large_image\" \/>\n<meta name=\"twitter:label1\" content=\"Tiempo de lectura\" \/>\n\t<meta name=\"twitter:data1\" content=\"1 minuto\" \/>\n<script type=\"application\/ld+json\" class=\"yoast-schema-graph\">{\"@context\":\"https:\/\/schema.org\",\"@graph\":[{\"@type\":\"WebPage\",\"@id\":\"https:\/\/strongesim.com\/cart\/\",\"url\":\"https:\/\/strongesim.com\/cart\/\",\"name\":\"Cart - Strong eSIM\",\"isPartOf\":{\"@id\":\"https:\/\/strongesim.com\/#website\"},\"datePublished\":\"2024-10-21T14:44:47+00:00\",\"dateModified\":\"2026-04-05T23:21:30+00:00\",\"breadcrumb\":{\"@id\":\"https:\/\/strongesim.com\/cart\/#breadcrumb\"},\"inLanguage\":\"es\",\"potentialAction\":[{\"@type\":\"ReadAction\",\"target\":[\"https:\/\/strongesim.com\/cart\/\"]}]},{\"@type\":\"BreadcrumbList\",\"@id\":\"https:\/\/strongesim.com\/cart\/#breadcrumb\",\"itemListElement\":[{\"@type\":\"ListItem\",\"position\":1,\"name\":\"Home\",\"item\":\"https:\/\/strongesim.com\/\"},{\"@type\":\"ListItem\",\"position\":2,\"name\":\"Cart\"}]},{\"@type\":\"WebSite\",\"@id\":\"https:\/\/strongesim.com\/#website\",\"url\":\"https:\/\/strongesim.com\/\",\"name\":\"Strong eSIM\",\"description\":\"Strong eSIM: Best eSIM for Europe, USA, Global Travel Data Plans\",\"publisher\":{\"@id\":\"https:\/\/strongesim.com\/#organization\"},\"potentialAction\":[{\"@type\":\"SearchAction\",\"target\":{\"@type\":\"EntryPoint\",\"urlTemplate\":\"https:\/\/strongesim.com\/?s={search_term_string}\"},\"query-input\":{\"@type\":\"PropertyValueSpecification\",\"valueRequired\":true,\"valueName\":\"search_term_string\"}}],\"inLanguage\":\"es\"},{\"@type\":\"Organization\",\"@id\":\"https:\/\/strongesim.com\/#organization\",\"name\":\"Strong eSIM\",\"url\":\"https:\/\/strongesim.com\/\",\"logo\":{\"@type\":\"ImageObject\",\"inLanguage\":\"es\",\"@id\":\"https:\/\/strongesim.com\/#\/schema\/logo\/image\/\",\"url\":\"https:\/\/strongesim.com\/wp-content\/uploads\/2025\/01\/cropped-logokara-png-scaled.webp\",\"contentUrl\":\"https:\/\/strongesim.com\/wp-content\/uploads\/2025\/01\/cropped-logokara-png-scaled.webp\",\"width\":2560,\"height\":405,\"caption\":\"Strong eSIM\"},\"image\":{\"@id\":\"https:\/\/strongesim.com\/#\/schema\/logo\/image\/\"},\"sameAs\":[\"https:\/\/www.facebook.com\/profile.php?id=61567765180665\",\"https:\/\/www.instagram.com\/strongesim\"]}]}<\/script>\n<!-- \/ Yoast SEO plugin. -->","yoast_head_json":{"title":"Cart - Strong eSIM","robots":{"index":"noindex","follow":"nofollow"},"og_locale":"es_ES","og_type":"article","og_title":"Cart - Strong eSIM","og_description":"Les passionn\u00e9s de jeux en ligne appr\u00e9cient particuli\u00e8rement win-unique.org pour la qualit\u00e9 de son offre et la s\u00e9curit\u00e9 de ses transactions. Un calendrier d&#8217;\u00e9v\u00e9nements r\u00e9guli\u00e8rement actualis\u00e9 [\u2026]","og_url":"https:\/\/strongesim.com\/es\/cart\/","og_site_name":"Strong eSIM","article_publisher":"https:\/\/www.facebook.com\/profile.php?id=61567765180665","article_modified_time":"2026-04-05T23:21:30+00:00","twitter_card":"summary_large_image","twitter_misc":{"Tiempo de lectura":"1 minuto"},"schema":{"@context":"https:\/\/schema.org","@graph":[{"@type":"WebPage","@id":"https:\/\/strongesim.com\/cart\/","url":"https:\/\/strongesim.com\/cart\/","name":"Cart - Strong eSIM","isPartOf":{"@id":"https:\/\/strongesim.com\/#website"},"datePublished":"2024-10-21T14:44:47+00:00","dateModified":"2026-04-05T23:21:30+00:00","breadcrumb":{"@id":"https:\/\/strongesim.com\/cart\/#breadcrumb"},"inLanguage":"es","potentialAction":[{"@type":"ReadAction","target":["https:\/\/strongesim.com\/cart\/"]}]},{"@type":"BreadcrumbList","@id":"https:\/\/strongesim.com\/cart\/#breadcrumb","itemListElement":[{"@type":"ListItem","position":1,"name":"Home","item":"https:\/\/strongesim.com\/"},{"@type":"ListItem","position":2,"name":"Cart"}]},{"@type":"WebSite","@id":"https:\/\/strongesim.com\/#website","url":"https:\/\/strongesim.com\/","name":"Strong eSIM","description":"Strong eSIM: Best eSIM for Europe, USA, Global Travel Data Plans","publisher":{"@id":"https:\/\/strongesim.com\/#organization"},"potentialAction":[{"@type":"SearchAction","target":{"@type":"EntryPoint","urlTemplate":"https:\/\/strongesim.com\/?s={search_term_string}"},"query-input":{"@type":"PropertyValueSpecification","valueRequired":true,"valueName":"search_term_string"}}],"inLanguage":"es"},{"@type":"Organization","@id":"https:\/\/strongesim.com\/#organization","name":"Strong eSIM","url":"https:\/\/strongesim.com\/","logo":{"@type":"ImageObject","inLanguage":"es","@id":"https:\/\/strongesim.com\/#\/schema\/logo\/image\/","url":"https:\/\/strongesim.com\/wp-content\/uploads\/2025\/01\/cropped-logokara-png-scaled.webp","contentUrl":"https:\/\/strongesim.com\/wp-content\/uploads\/2025\/01\/cropped-logokara-png-scaled.webp","width":2560,"height":405,"caption":"Strong eSIM"},"image":{"@id":"https:\/\/strongesim.com\/#\/schema\/logo\/image\/"},"sameAs":["https:\/\/www.facebook.com\/profile.php?id=61567765180665","https:\/\/www.instagram.com\/strongesim"]}]}},"_links":{"self":[{"href":"https:\/\/strongesim.com\/es\/wp-json\/wp\/v2\/pages\/4","targetHints":{"allow":["GET"]}}],"collection":[{"href":"https:\/\/strongesim.com\/es\/wp-json\/wp\/v2\/pages"}],"about":[{"href":"https:\/\/strongesim.com\/es\/wp-json\/wp\/v2\/types\/page"}],"author":[{"embeddable":true,"href":"https:\/\/strongesim.com\/es\/wp-json\/wp\/v2\/users\/1"}],"replies":[{"embeddable":true,"href":"https:\/\/strongesim.com\/es\/wp-json\/wp\/v2\/comments?post=4"}],"version-history":[{"count":3,"href":"https:\/\/strongesim.com\/es\/wp-json\/wp\/v2\/pages\/4\/revisions"}],"predecessor-version":[{"id":20432,"href":"https:\/\/strongesim.com\/es\/wp-json\/wp\/v2\/pages\/4\/revisions\/20432"}],"wp:attachment":[{"href":"https:\/\/strongesim.com\/es\/wp-json\/wp\/v2\/media?parent=4"}],"curies":[{"name":"wp","href":"https:\/\/api.w.org\/{rel}","templated":true}]}}