{"id":5893,"date":"2025-08-13T23:39:01","date_gmt":"2025-08-13T23:39:01","guid":{"rendered":"https:\/\/strongesim.com\/?page_id=5893"},"modified":"2026-04-05T23:23:03","modified_gmt":"2026-04-05T23:23:03","slug":"all-destinations","status":"publish","type":"page","link":"https:\/\/strongesim.com\/es\/all-destinations\/","title":{"rendered":"All Destinations"},"content":{"rendered":"<p>Pour ceux qui souhaitent vivre une exp\u00e9rience de jeu immersive, <a href=\"https:\/\/cresusfrance.fr\" target=\"_blank\" rel=\"noreferrer noopener\">casino cresus<\/a> propose un catalogue riche et vari\u00e9. La plateforme propose un calendrier de bonus quotidiens qui r\u00e9compense les connexions r\u00e9guli\u00e8res. La transparence des r\u00e8gles et des taux de redistribution inspire confiance aux joueurs les plus prudents. Les promotions cibl\u00e9es tiennent compte des pr\u00e9f\u00e9rences individuelles pour proposer des offres v\u00e9ritablement pertinentes. Cette plateforme prouve chaque jour que le casino en ligne peut rimer avec excellence et responsabilit\u00e9.<\/p>","protected":false},"excerpt":{"rendered":"<p>Pour ceux qui souhaitent vivre une exp\u00e9rience de jeu immersive, casino cresus propose un catalogue riche et vari\u00e9. La plateforme propose un calendrier de bonus quotidiens<span class=\"excerpt-hellip\"> [\u2026]<\/span><\/p>","protected":false},"author":1,"featured_media":0,"parent":0,"menu_order":0,"comment_status":"closed","ping_status":"closed","template":"","meta":{"footnotes":""},"class_list":["post-5893","page","type-page","status-publish","hentry"],"yoast_head":"<!-- This site is optimized with the Yoast SEO plugin v25.7 - https:\/\/yoast.com\/wordpress\/plugins\/seo\/ -->\n<title>All Destinations - Strong eSIM<\/title>\n<meta name=\"description\" content=\"Explore all available eSIM destinations with Strong eSIM. Instantly connect in over 140 countries with affordable data plans, easy setup.\" \/>\n<meta name=\"robots\" content=\"index, follow, max-snippet:-1, max-image-preview:large, max-video-preview:-1\" \/>\n<link rel=\"canonical\" href=\"https:\/\/strongesim.com\/es\/all-destinations\/\" \/>\n<meta property=\"og:locale\" content=\"es_ES\" \/>\n<meta property=\"og:type\" content=\"article\" \/>\n<meta property=\"og:title\" content=\"All Destinations - Strong eSIM\" \/>\n<meta property=\"og:description\" content=\"Explore all available eSIM destinations with Strong eSIM. Instantly connect in over 140 countries with affordable data plans, easy setup.\" \/>\n<meta property=\"og:url\" content=\"https:\/\/strongesim.com\/es\/all-destinations\/\" \/>\n<meta property=\"og:site_name\" content=\"Strong eSIM\" \/>\n<meta property=\"article:publisher\" content=\"https:\/\/www.facebook.com\/profile.php?id=61567765180665\" \/>\n<meta property=\"article:modified_time\" content=\"2026-04-05T23:23:03+00:00\" \/>\n<meta name=\"twitter:card\" content=\"summary_large_image\" \/>\n<meta name=\"twitter:label1\" content=\"Tiempo de lectura\" \/>\n\t<meta name=\"twitter:data1\" content=\"1 minuto\" \/>\n<script type=\"application\/ld+json\" class=\"yoast-schema-graph\">{\"@context\":\"https:\/\/schema.org\",\"@graph\":[{\"@type\":\"WebPage\",\"@id\":\"https:\/\/strongesim.com\/all-destinations\/\",\"url\":\"https:\/\/strongesim.com\/all-destinations\/\",\"name\":\"All Destinations - Strong eSIM\",\"isPartOf\":{\"@id\":\"https:\/\/strongesim.com\/#website\"},\"datePublished\":\"2025-08-13T23:39:01+00:00\",\"dateModified\":\"2026-04-05T23:23:03+00:00\",\"description\":\"Explore all available eSIM destinations with Strong eSIM. Instantly connect in over 140 countries with affordable data plans, easy setup.\",\"breadcrumb\":{\"@id\":\"https:\/\/strongesim.com\/all-destinations\/#breadcrumb\"},\"inLanguage\":\"es\",\"potentialAction\":[{\"@type\":\"ReadAction\",\"target\":[\"https:\/\/strongesim.com\/all-destinations\/\"]}]},{\"@type\":\"BreadcrumbList\",\"@id\":\"https:\/\/strongesim.com\/all-destinations\/#breadcrumb\",\"itemListElement\":[{\"@type\":\"ListItem\",\"position\":1,\"name\":\"Home\",\"item\":\"https:\/\/strongesim.com\/\"},{\"@type\":\"ListItem\",\"position\":2,\"name\":\"All Destinations\"}]},{\"@type\":\"WebSite\",\"@id\":\"https:\/\/strongesim.com\/#website\",\"url\":\"https:\/\/strongesim.com\/\",\"name\":\"Strong eSIM\",\"description\":\"Strong eSIM: Best eSIM for Europe, USA, Global Travel Data Plans\",\"publisher\":{\"@id\":\"https:\/\/strongesim.com\/#organization\"},\"potentialAction\":[{\"@type\":\"SearchAction\",\"target\":{\"@type\":\"EntryPoint\",\"urlTemplate\":\"https:\/\/strongesim.com\/?s={search_term_string}\"},\"query-input\":{\"@type\":\"PropertyValueSpecification\",\"valueRequired\":true,\"valueName\":\"search_term_string\"}}],\"inLanguage\":\"es\"},{\"@type\":\"Organization\",\"@id\":\"https:\/\/strongesim.com\/#organization\",\"name\":\"Strong eSIM\",\"url\":\"https:\/\/strongesim.com\/\",\"logo\":{\"@type\":\"ImageObject\",\"inLanguage\":\"es\",\"@id\":\"https:\/\/strongesim.com\/#\/schema\/logo\/image\/\",\"url\":\"https:\/\/strongesim.com\/wp-content\/uploads\/2025\/01\/cropped-logokara-png-scaled.webp\",\"contentUrl\":\"https:\/\/strongesim.com\/wp-content\/uploads\/2025\/01\/cropped-logokara-png-scaled.webp\",\"width\":2560,\"height\":405,\"caption\":\"Strong eSIM\"},\"image\":{\"@id\":\"https:\/\/strongesim.com\/#\/schema\/logo\/image\/\"},\"sameAs\":[\"https:\/\/www.facebook.com\/profile.php?id=61567765180665\",\"https:\/\/www.instagram.com\/strongesim\"]}]}<\/script>\n<!-- \/ Yoast SEO plugin. -->","yoast_head_json":{"title":"All Destinations - Strong eSIM","description":"Explore all available eSIM destinations with Strong eSIM. Instantly connect in over 140 countries with affordable data plans, easy setup.","robots":{"index":"index","follow":"follow","max-snippet":"max-snippet:-1","max-image-preview":"max-image-preview:large","max-video-preview":"max-video-preview:-1"},"canonical":"https:\/\/strongesim.com\/es\/all-destinations\/","og_locale":"es_ES","og_type":"article","og_title":"All Destinations - Strong eSIM","og_description":"Explore all available eSIM destinations with Strong eSIM. Instantly connect in over 140 countries with affordable data plans, easy setup.","og_url":"https:\/\/strongesim.com\/es\/all-destinations\/","og_site_name":"Strong eSIM","article_publisher":"https:\/\/www.facebook.com\/profile.php?id=61567765180665","article_modified_time":"2026-04-05T23:23:03+00:00","twitter_card":"summary_large_image","twitter_misc":{"Tiempo de lectura":"1 minuto"},"schema":{"@context":"https:\/\/schema.org","@graph":[{"@type":"WebPage","@id":"https:\/\/strongesim.com\/all-destinations\/","url":"https:\/\/strongesim.com\/all-destinations\/","name":"All Destinations - Strong eSIM","isPartOf":{"@id":"https:\/\/strongesim.com\/#website"},"datePublished":"2025-08-13T23:39:01+00:00","dateModified":"2026-04-05T23:23:03+00:00","description":"Explore all available eSIM destinations with Strong eSIM. Instantly connect in over 140 countries with affordable data plans, easy setup.","breadcrumb":{"@id":"https:\/\/strongesim.com\/all-destinations\/#breadcrumb"},"inLanguage":"es","potentialAction":[{"@type":"ReadAction","target":["https:\/\/strongesim.com\/all-destinations\/"]}]},{"@type":"BreadcrumbList","@id":"https:\/\/strongesim.com\/all-destinations\/#breadcrumb","itemListElement":[{"@type":"ListItem","position":1,"name":"Home","item":"https:\/\/strongesim.com\/"},{"@type":"ListItem","position":2,"name":"All Destinations"}]},{"@type":"WebSite","@id":"https:\/\/strongesim.com\/#website","url":"https:\/\/strongesim.com\/","name":"Strong eSIM","description":"Strong eSIM: Best eSIM for Europe, USA, Global Travel Data Plans","publisher":{"@id":"https:\/\/strongesim.com\/#organization"},"potentialAction":[{"@type":"SearchAction","target":{"@type":"EntryPoint","urlTemplate":"https:\/\/strongesim.com\/?s={search_term_string}"},"query-input":{"@type":"PropertyValueSpecification","valueRequired":true,"valueName":"search_term_string"}}],"inLanguage":"es"},{"@type":"Organization","@id":"https:\/\/strongesim.com\/#organization","name":"Strong eSIM","url":"https:\/\/strongesim.com\/","logo":{"@type":"ImageObject","inLanguage":"es","@id":"https:\/\/strongesim.com\/#\/schema\/logo\/image\/","url":"https:\/\/strongesim.com\/wp-content\/uploads\/2025\/01\/cropped-logokara-png-scaled.webp","contentUrl":"https:\/\/strongesim.com\/wp-content\/uploads\/2025\/01\/cropped-logokara-png-scaled.webp","width":2560,"height":405,"caption":"Strong eSIM"},"image":{"@id":"https:\/\/strongesim.com\/#\/schema\/logo\/image\/"},"sameAs":["https:\/\/www.facebook.com\/profile.php?id=61567765180665","https:\/\/www.instagram.com\/strongesim"]}]}},"_links":{"self":[{"href":"https:\/\/strongesim.com\/es\/wp-json\/wp\/v2\/pages\/5893","targetHints":{"allow":["GET"]}}],"collection":[{"href":"https:\/\/strongesim.com\/es\/wp-json\/wp\/v2\/pages"}],"about":[{"href":"https:\/\/strongesim.com\/es\/wp-json\/wp\/v2\/types\/page"}],"author":[{"embeddable":true,"href":"https:\/\/strongesim.com\/es\/wp-json\/wp\/v2\/users\/1"}],"replies":[{"embeddable":true,"href":"https:\/\/strongesim.com\/es\/wp-json\/wp\/v2\/comments?post=5893"}],"version-history":[{"count":2,"href":"https:\/\/strongesim.com\/es\/wp-json\/wp\/v2\/pages\/5893\/revisions"}],"predecessor-version":[{"id":20436,"href":"https:\/\/strongesim.com\/es\/wp-json\/wp\/v2\/pages\/5893\/revisions\/20436"}],"wp:attachment":[{"href":"https:\/\/strongesim.com\/es\/wp-json\/wp\/v2\/media?parent=5893"}],"curies":[{"name":"wp","href":"https:\/\/api.w.org\/{rel}","templated":true}]}}