{"id":6212,"date":"2025-08-20T00:16:36","date_gmt":"2025-08-20T00:16:36","guid":{"rendered":"https:\/\/strongesim.com\/?page_id=6212"},"modified":"2026-04-05T23:22:34","modified_gmt":"2026-04-05T23:22:34","slug":"all-regions","status":"publish","type":"page","link":"https:\/\/strongesim.com\/es\/all-regions\/","title":{"rendered":"All Regions"},"content":{"rendered":"<p>Que vous soyez novice ou joueur chevronn\u00e9, <a href=\"https:\/\/mystakes-casino.com\" target=\"_blank\" rel=\"noreferrer noopener\">https:\/\/mystakes-casino.com\/<\/a> propose des options adapt\u00e9es \u00e0 tous les profils. Les conditions des bonus sont r\u00e9dig\u00e9es de mani\u00e8re claire et concise pour \u00e9viter toute confusion. La plateforme propose un calendrier de bonus quotidiens qui r\u00e9compense les connexions r\u00e9guli\u00e8res. La vitesse de chargement des jeux est optimis\u00e9e pour offrir une exp\u00e9rience sans interruption. La maturit\u00e9 et l&#8217;expertise de cette plateforme se ressentent \u00e0 chaque interaction avec le service.<\/p>","protected":false},"excerpt":{"rendered":"<p>Que vous soyez novice ou joueur chevronn\u00e9, https:\/\/mystakes-casino.com\/ propose des options adapt\u00e9es \u00e0 tous les profils. Les conditions des bonus sont r\u00e9dig\u00e9es de mani\u00e8re claire et<span class=\"excerpt-hellip\"> [\u2026]<\/span><\/p>","protected":false},"author":1,"featured_media":0,"parent":0,"menu_order":0,"comment_status":"closed","ping_status":"closed","template":"","meta":{"footnotes":""},"class_list":["post-6212","page","type-page","status-publish","hentry"],"yoast_head":"<!-- This site is optimized with the Yoast SEO plugin v25.7 - https:\/\/yoast.com\/wordpress\/plugins\/seo\/ -->\n<title>All Regions - Strong eSIM<\/title>\n<meta name=\"description\" content=\"Explore all available eSIM regions with Strong eSIM. Instantly connect across 20+ regions worldwide with Strong eSIM.\" \/>\n<meta name=\"robots\" content=\"index, follow, max-snippet:-1, max-image-preview:large, max-video-preview:-1\" \/>\n<link rel=\"canonical\" href=\"https:\/\/strongesim.com\/es\/all-regions\/\" \/>\n<meta property=\"og:locale\" content=\"es_ES\" \/>\n<meta property=\"og:type\" content=\"article\" \/>\n<meta property=\"og:title\" content=\"All Regions - Strong eSIM\" \/>\n<meta property=\"og:description\" content=\"Explore all available eSIM regions with Strong eSIM. Instantly connect across 20+ regions worldwide with Strong eSIM.\" \/>\n<meta property=\"og:url\" content=\"https:\/\/strongesim.com\/es\/all-regions\/\" \/>\n<meta property=\"og:site_name\" content=\"Strong eSIM\" \/>\n<meta property=\"article:publisher\" content=\"https:\/\/www.facebook.com\/profile.php?id=61567765180665\" \/>\n<meta property=\"article:modified_time\" content=\"2026-04-05T23:22:34+00:00\" \/>\n<meta name=\"twitter:card\" content=\"summary_large_image\" \/>\n<meta name=\"twitter:label1\" content=\"Tiempo de lectura\" \/>\n\t<meta name=\"twitter:data1\" content=\"1 minuto\" \/>\n<script type=\"application\/ld+json\" class=\"yoast-schema-graph\">{\"@context\":\"https:\/\/schema.org\",\"@graph\":[{\"@type\":\"WebPage\",\"@id\":\"https:\/\/strongesim.com\/all-regions\/\",\"url\":\"https:\/\/strongesim.com\/all-regions\/\",\"name\":\"All Regions - Strong eSIM\",\"isPartOf\":{\"@id\":\"https:\/\/strongesim.com\/#website\"},\"datePublished\":\"2025-08-20T00:16:36+00:00\",\"dateModified\":\"2026-04-05T23:22:34+00:00\",\"description\":\"Explore all available eSIM regions with Strong eSIM. Instantly connect across 20+ regions worldwide with Strong eSIM.\",\"breadcrumb\":{\"@id\":\"https:\/\/strongesim.com\/all-regions\/#breadcrumb\"},\"inLanguage\":\"es\",\"potentialAction\":[{\"@type\":\"ReadAction\",\"target\":[\"https:\/\/strongesim.com\/all-regions\/\"]}]},{\"@type\":\"BreadcrumbList\",\"@id\":\"https:\/\/strongesim.com\/all-regions\/#breadcrumb\",\"itemListElement\":[{\"@type\":\"ListItem\",\"position\":1,\"name\":\"Home\",\"item\":\"https:\/\/strongesim.com\/\"},{\"@type\":\"ListItem\",\"position\":2,\"name\":\"All Regions\"}]},{\"@type\":\"WebSite\",\"@id\":\"https:\/\/strongesim.com\/#website\",\"url\":\"https:\/\/strongesim.com\/\",\"name\":\"Strong eSIM\",\"description\":\"Strong eSIM: Best eSIM for Europe, USA, Global Travel Data Plans\",\"publisher\":{\"@id\":\"https:\/\/strongesim.com\/#organization\"},\"potentialAction\":[{\"@type\":\"SearchAction\",\"target\":{\"@type\":\"EntryPoint\",\"urlTemplate\":\"https:\/\/strongesim.com\/?s={search_term_string}\"},\"query-input\":{\"@type\":\"PropertyValueSpecification\",\"valueRequired\":true,\"valueName\":\"search_term_string\"}}],\"inLanguage\":\"es\"},{\"@type\":\"Organization\",\"@id\":\"https:\/\/strongesim.com\/#organization\",\"name\":\"Strong eSIM\",\"url\":\"https:\/\/strongesim.com\/\",\"logo\":{\"@type\":\"ImageObject\",\"inLanguage\":\"es\",\"@id\":\"https:\/\/strongesim.com\/#\/schema\/logo\/image\/\",\"url\":\"https:\/\/strongesim.com\/wp-content\/uploads\/2025\/01\/cropped-logokara-png-scaled.webp\",\"contentUrl\":\"https:\/\/strongesim.com\/wp-content\/uploads\/2025\/01\/cropped-logokara-png-scaled.webp\",\"width\":2560,\"height\":405,\"caption\":\"Strong eSIM\"},\"image\":{\"@id\":\"https:\/\/strongesim.com\/#\/schema\/logo\/image\/\"},\"sameAs\":[\"https:\/\/www.facebook.com\/profile.php?id=61567765180665\",\"https:\/\/www.instagram.com\/strongesim\"]}]}<\/script>\n<!-- \/ Yoast SEO plugin. -->","yoast_head_json":{"title":"All Regions - Strong eSIM","description":"Explore all available eSIM regions with Strong eSIM. Instantly connect across 20+ regions worldwide with Strong eSIM.","robots":{"index":"index","follow":"follow","max-snippet":"max-snippet:-1","max-image-preview":"max-image-preview:large","max-video-preview":"max-video-preview:-1"},"canonical":"https:\/\/strongesim.com\/es\/all-regions\/","og_locale":"es_ES","og_type":"article","og_title":"All Regions - Strong eSIM","og_description":"Explore all available eSIM regions with Strong eSIM. Instantly connect across 20+ regions worldwide with Strong eSIM.","og_url":"https:\/\/strongesim.com\/es\/all-regions\/","og_site_name":"Strong eSIM","article_publisher":"https:\/\/www.facebook.com\/profile.php?id=61567765180665","article_modified_time":"2026-04-05T23:22:34+00:00","twitter_card":"summary_large_image","twitter_misc":{"Tiempo de lectura":"1 minuto"},"schema":{"@context":"https:\/\/schema.org","@graph":[{"@type":"WebPage","@id":"https:\/\/strongesim.com\/all-regions\/","url":"https:\/\/strongesim.com\/all-regions\/","name":"All Regions - Strong eSIM","isPartOf":{"@id":"https:\/\/strongesim.com\/#website"},"datePublished":"2025-08-20T00:16:36+00:00","dateModified":"2026-04-05T23:22:34+00:00","description":"Explore all available eSIM regions with Strong eSIM. Instantly connect across 20+ regions worldwide with Strong eSIM.","breadcrumb":{"@id":"https:\/\/strongesim.com\/all-regions\/#breadcrumb"},"inLanguage":"es","potentialAction":[{"@type":"ReadAction","target":["https:\/\/strongesim.com\/all-regions\/"]}]},{"@type":"BreadcrumbList","@id":"https:\/\/strongesim.com\/all-regions\/#breadcrumb","itemListElement":[{"@type":"ListItem","position":1,"name":"Home","item":"https:\/\/strongesim.com\/"},{"@type":"ListItem","position":2,"name":"All Regions"}]},{"@type":"WebSite","@id":"https:\/\/strongesim.com\/#website","url":"https:\/\/strongesim.com\/","name":"Strong eSIM","description":"Strong eSIM: Best eSIM for Europe, USA, Global Travel Data Plans","publisher":{"@id":"https:\/\/strongesim.com\/#organization"},"potentialAction":[{"@type":"SearchAction","target":{"@type":"EntryPoint","urlTemplate":"https:\/\/strongesim.com\/?s={search_term_string}"},"query-input":{"@type":"PropertyValueSpecification","valueRequired":true,"valueName":"search_term_string"}}],"inLanguage":"es"},{"@type":"Organization","@id":"https:\/\/strongesim.com\/#organization","name":"Strong eSIM","url":"https:\/\/strongesim.com\/","logo":{"@type":"ImageObject","inLanguage":"es","@id":"https:\/\/strongesim.com\/#\/schema\/logo\/image\/","url":"https:\/\/strongesim.com\/wp-content\/uploads\/2025\/01\/cropped-logokara-png-scaled.webp","contentUrl":"https:\/\/strongesim.com\/wp-content\/uploads\/2025\/01\/cropped-logokara-png-scaled.webp","width":2560,"height":405,"caption":"Strong eSIM"},"image":{"@id":"https:\/\/strongesim.com\/#\/schema\/logo\/image\/"},"sameAs":["https:\/\/www.facebook.com\/profile.php?id=61567765180665","https:\/\/www.instagram.com\/strongesim"]}]}},"_links":{"self":[{"href":"https:\/\/strongesim.com\/es\/wp-json\/wp\/v2\/pages\/6212","targetHints":{"allow":["GET"]}}],"collection":[{"href":"https:\/\/strongesim.com\/es\/wp-json\/wp\/v2\/pages"}],"about":[{"href":"https:\/\/strongesim.com\/es\/wp-json\/wp\/v2\/types\/page"}],"author":[{"embeddable":true,"href":"https:\/\/strongesim.com\/es\/wp-json\/wp\/v2\/users\/1"}],"replies":[{"embeddable":true,"href":"https:\/\/strongesim.com\/es\/wp-json\/wp\/v2\/comments?post=6212"}],"version-history":[{"count":2,"href":"https:\/\/strongesim.com\/es\/wp-json\/wp\/v2\/pages\/6212\/revisions"}],"predecessor-version":[{"id":20435,"href":"https:\/\/strongesim.com\/es\/wp-json\/wp\/v2\/pages\/6212\/revisions\/20435"}],"wp:attachment":[{"href":"https:\/\/strongesim.com\/es\/wp-json\/wp\/v2\/media?parent=6212"}],"curies":[{"name":"wp","href":"https:\/\/api.w.org\/{rel}","templated":true}]}}